{"id":2448,"date":"2025-09-02T06:36:33","date_gmt":"2025-09-02T04:36:33","guid":{"rendered":"https:\/\/digitaldatachain.com\/open-source-lizenzen\/"},"modified":"2025-09-27T06:40:21","modified_gmt":"2025-09-27T04:40:21","slug":"open-source-lizenzen","status":"publish","type":"page","link":"https:\/\/digitaldatachain.com\/de\/open-source-lizenzen\/","title":{"rendered":"Open Source &amp; Lizenzen"},"content":{"rendered":"\t\t<div data-elementor-type=\"wp-page\" data-elementor-id=\"2448\" class=\"elementor elementor-2448 elementor-2441\" data-elementor-post-type=\"page\">\n\t\t\t\t<div class=\"elementor-element elementor-element-3cad7765 e-con-full e-flex e-con e-parent\" data-id=\"3cad7765\" data-element_type=\"container\" data-e-type=\"container\">\n\t\t\t\t<div class=\"elementor-element elementor-element-637f762b elementor-widget__width-inherit randomSlider elementor-widget elementor-widget-image-carousel\" data-id=\"637f762b\" data-element_type=\"widget\" data-e-type=\"widget\" data-settings=\"{&quot;navigation&quot;:&quot;none&quot;,&quot;lazyload&quot;:&quot;yes&quot;,&quot;slides_to_show&quot;:&quot;1&quot;,&quot;autoplay_speed&quot;:3500,&quot;effect&quot;:&quot;fade&quot;,&quot;autoplay&quot;:&quot;yes&quot;,&quot;pause_on_hover&quot;:&quot;yes&quot;,&quot;pause_on_interaction&quot;:&quot;yes&quot;,&quot;infinite&quot;:&quot;yes&quot;,&quot;speed&quot;:500}\" data-widget_type=\"image-carousel.default\">\n\t\t\t\t<div class=\"elementor-widget-container\">\n\t\t\t\t\t\t\t<div class=\"elementor-image-carousel-wrapper swiper\" role=\"region\" aria-roledescription=\"carousel\" aria-label=\"Image Carousel\" dir=\"rtl\">\n\t\t\t<div class=\"elementor-image-carousel swiper-wrapper swiper-image-stretch\" aria-live=\"off\">\n\t\t\t\t\t\t\t\t<div class=\"swiper-slide\" role=\"group\" aria-roledescription=\"slide\" aria-label=\"1 von 51\"><figure class=\"swiper-slide-inner\"><img class=\"swiper-slide-image swiper-lazy\" data-src=\"https:\/\/digitaldatachain.com\/wp-content\/uploads\/2025\/03\/abb_smart_sensor-1920-x-440_2.jpg\" alt=\"abb_smart_sensor-1920-x-440_2\" \/><div class=\"swiper-lazy-preloader\"><\/div><\/figure><\/div><div class=\"swiper-slide\" role=\"group\" aria-roledescription=\"slide\" aria-label=\"2 von 51\"><figure class=\"swiper-slide-inner\"><img class=\"swiper-slide-image swiper-lazy\" data-src=\"https:\/\/digitaldatachain.com\/wp-content\/uploads\/2025\/03\/Allweiler_Circor_2_1920x440-4.jpg\" alt=\"Allweiler_Circor_2_1920x440 (4)\" \/><div class=\"swiper-lazy-preloader\"><\/div><\/figure><\/div><div class=\"swiper-slide\" role=\"group\" aria-roledescription=\"slide\" aria-label=\"3 von 51\"><figure class=\"swiper-slide-inner\"><img class=\"swiper-slide-image swiper-lazy\" data-src=\"https:\/\/digitaldatachain.com\/wp-content\/uploads\/2025\/03\/ARI-Banner-digitaldatachain-1920x440-1.jpg\" alt=\"ARI-Banner-digitaldatachain-1920x440\" \/><div class=\"swiper-lazy-preloader\"><\/div><\/figure><\/div><div class=\"swiper-slide\" role=\"group\" aria-roledescription=\"slide\" aria-label=\"4 von 51\"><figure class=\"swiper-slide-inner\"><img class=\"swiper-slide-image swiper-lazy\" data-src=\"https:\/\/digitaldatachain.com\/wp-content\/uploads\/2025\/03\/AS-Schneider_Header.jpg\" alt=\"AS-Schneider_Header\" \/><div class=\"swiper-lazy-preloader\"><\/div><\/figure><\/div><div class=\"swiper-slide\" role=\"group\" aria-roledescription=\"slide\" aria-label=\"5 von 51\"><figure class=\"swiper-slide-inner\"><img class=\"swiper-slide-image swiper-lazy\" data-src=\"https:\/\/digitaldatachain.com\/wp-content\/uploads\/2025\/03\/BASF_Header.jpg\" alt=\"BASF_Header\" \/><div class=\"swiper-lazy-preloader\"><\/div><\/figure><\/div><div class=\"swiper-slide\" role=\"group\" aria-roledescription=\"slide\" aria-label=\"6 von 51\"><figure class=\"swiper-slide-inner\"><img class=\"swiper-slide-image swiper-lazy\" data-src=\"https:\/\/digitaldatachain.com\/wp-content\/uploads\/2025\/03\/Bayer_DDCC_Header_1920x440.jpg\" alt=\"Bayer_DDCC_Header_1920x440\" \/><div class=\"swiper-lazy-preloader\"><\/div><\/figure><\/div><div class=\"swiper-slide\" role=\"group\" aria-roledescription=\"slide\" aria-label=\"7 von 51\"><figure class=\"swiper-slide-inner\"><img class=\"swiper-slide-image swiper-lazy\" data-src=\"https:\/\/digitaldatachain.com\/wp-content\/uploads\/2025\/03\/BoschRexroth_180529_BR_9184.jpg\" alt=\"BoschRexroth_180529_BR_9184\" \/><div class=\"swiper-lazy-preloader\"><\/div><\/figure><\/div><div class=\"swiper-slide\" role=\"group\" aria-roledescription=\"slide\" aria-label=\"8 von 51\"><figure class=\"swiper-slide-inner\"><img class=\"swiper-slide-image swiper-lazy\" data-src=\"https:\/\/digitaldatachain.com\/wp-content\/uploads\/2025\/03\/PROTEGO-2.jpg\" alt=\"PROTEGO-2\" \/><div class=\"swiper-lazy-preloader\"><\/div><\/figure><\/div><div class=\"swiper-slide\" role=\"group\" aria-roledescription=\"slide\" aria-label=\"9 von 51\"><figure class=\"swiper-slide-inner\"><img class=\"swiper-slide-image swiper-lazy\" data-src=\"https:\/\/digitaldatachain.com\/wp-content\/uploads\/2025\/03\/brinox_header_1920x440px.jpg\" alt=\"brinox_header_1920x440px\" \/><div class=\"swiper-lazy-preloader\"><\/div><\/figure><\/div><div class=\"swiper-slide\" role=\"group\" aria-roledescription=\"slide\" aria-label=\"10 von 51\"><figure class=\"swiper-slide-inner\"><img class=\"swiper-slide-image swiper-lazy\" data-src=\"https:\/\/digitaldatachain.com\/wp-content\/uploads\/2025\/03\/Buerkert-Produktion1_1920-x-440.jpg\" alt=\"Buerkert-Produktion1_1920-x-440\" \/><div class=\"swiper-lazy-preloader\"><\/div><\/figure><\/div><div class=\"swiper-slide\" role=\"group\" aria-roledescription=\"slide\" aria-label=\"11 von 51\"><figure class=\"swiper-slide-inner\"><img class=\"swiper-slide-image swiper-lazy\" data-src=\"https:\/\/digitaldatachain.com\/wp-content\/uploads\/2025\/03\/Covestro-Plant-1920-440.jpg\" alt=\"Covestro Plant 1920-440\" \/><div class=\"swiper-lazy-preloader\"><\/div><\/figure><\/div><div class=\"swiper-slide\" role=\"group\" aria-roledescription=\"slide\" aria-label=\"12 von 51\"><figure class=\"swiper-slide-inner\"><img class=\"swiper-slide-image swiper-lazy\" data-src=\"https:\/\/digitaldatachain.com\/wp-content\/uploads\/2025\/03\/Danfoss_Drives_1920x440px_.jpg\" alt=\"Danfoss_Drives_1920x440px_\" \/><div class=\"swiper-lazy-preloader\"><\/div><\/figure><\/div><div class=\"swiper-slide\" role=\"group\" aria-roledescription=\"slide\" aria-label=\"13 von 51\"><figure class=\"swiper-slide-inner\"><img class=\"swiper-slide-image swiper-lazy\" data-src=\"https:\/\/digitaldatachain.com\/wp-content\/uploads\/2025\/03\/DKM_KKB_Banner_1920x440_03-Logo-unten-blau.jpg\" alt=\"DKM_KKB_Banner_1920x440_03 Logo unten blau\" \/><div class=\"swiper-lazy-preloader\"><\/div><\/figure><\/div><div class=\"swiper-slide\" role=\"group\" aria-roledescription=\"slide\" aria-label=\"14 von 51\"><figure class=\"swiper-slide-inner\"><img class=\"swiper-slide-image swiper-lazy\" data-src=\"https:\/\/digitaldatachain.com\/wp-content\/uploads\/2025\/03\/EagleBurgmann_Produkt-P_015b-RGB-klein_1920x440.jpg\" alt=\"EagleBurgmann_Produkt-P_015b-RGB-klein_1920x440\" \/><div class=\"swiper-lazy-preloader\"><\/div><\/figure><\/div><div class=\"swiper-slide\" role=\"group\" aria-roledescription=\"slide\" aria-label=\"15 von 51\"><figure class=\"swiper-slide-inner\"><img class=\"swiper-slide-image swiper-lazy\" data-src=\"https:\/\/digitaldatachain.com\/wp-content\/uploads\/2025\/03\/EndressHauser_1920x440.jpg\" alt=\"Endress+Hauser_1920x440\" \/><div class=\"swiper-lazy-preloader\"><\/div><\/figure><\/div><div class=\"swiper-slide\" role=\"group\" aria-roledescription=\"slide\" aria-label=\"16 von 51\"><figure class=\"swiper-slide-inner\"><img class=\"swiper-slide-image swiper-lazy\" data-src=\"https:\/\/digitaldatachain.com\/wp-content\/uploads\/2025\/03\/Evonik_boot-031114EVO-000829_5.jpg\" alt=\"Evonik_boot-031114EVO-000829_5\" \/><div class=\"swiper-lazy-preloader\"><\/div><\/figure><\/div><div class=\"swiper-slide\" role=\"group\" aria-roledescription=\"slide\" aria-label=\"17 von 51\"><figure class=\"swiper-slide-inner\"><img class=\"swiper-slide-image swiper-lazy\" data-src=\"https:\/\/digitaldatachain.com\/wp-content\/uploads\/2025\/03\/Festo_Header.jpg\" alt=\"Festo_Header\" \/><div class=\"swiper-lazy-preloader\"><\/div><\/figure><\/div><div class=\"swiper-slide\" role=\"group\" aria-roledescription=\"slide\" aria-label=\"18 von 51\"><figure class=\"swiper-slide-inner\"><img class=\"swiper-slide-image swiper-lazy\" data-src=\"https:\/\/digitaldatachain.com\/wp-content\/uploads\/2025\/03\/FLSxDDC_1920x440-1.jpg\" alt=\"FLSxDDC_1920x440 (1)\" \/><div class=\"swiper-lazy-preloader\"><\/div><\/figure><\/div><div class=\"swiper-slide\" role=\"group\" aria-roledescription=\"slide\" aria-label=\"19 von 51\"><figure class=\"swiper-slide-inner\"><img class=\"swiper-slide-image swiper-lazy\" data-src=\"https:\/\/digitaldatachain.com\/wp-content\/uploads\/2025\/03\/ifm_Electronic_DDCC_ifm-2.jpg\" alt=\"ifm_Electronic_DDCC_ifm (2)\" \/><div class=\"swiper-lazy-preloader\"><\/div><\/figure><\/div><div class=\"swiper-slide\" role=\"group\" aria-roledescription=\"slide\" aria-label=\"20 von 51\"><figure class=\"swiper-slide-inner\"><img class=\"swiper-slide-image swiper-lazy\" data-src=\"https:\/\/digitaldatachain.com\/wp-content\/uploads\/2025\/03\/inevvo_1920_440.jpg\" alt=\"GEM\u00dc Gebr. M\u00fcller Apparatebau GmbH &amp; Co. KG (www.gemu-group.com)\" \/><div class=\"swiper-lazy-preloader\"><\/div><figcaption class=\"elementor-image-carousel-caption\">GEM\u00dc Gebr. M\u00fcller Apparatebau GmbH &amp; Co. KG (www.gemu-group.com)<\/figcaption><\/figure><\/div><div class=\"swiper-slide\" role=\"group\" aria-roledescription=\"slide\" aria-label=\"21 von 51\"><figure class=\"swiper-slide-inner\"><img class=\"swiper-slide-image swiper-lazy\" data-src=\"https:\/\/digitaldatachain.com\/wp-content\/uploads\/2025\/03\/Header_DDCC_Klaus-Union.jpg\" alt=\"Header_DDCC_Klaus-Union\" \/><div class=\"swiper-lazy-preloader\"><\/div><\/figure><\/div><div class=\"swiper-slide\" role=\"group\" aria-roledescription=\"slide\" aria-label=\"22 von 51\"><figure class=\"swiper-slide-inner\"><img class=\"swiper-slide-image swiper-lazy\" data-src=\"https:\/\/digitaldatachain.com\/wp-content\/uploads\/2025\/03\/Krohne_Composing_OPTIMASS_opticheck-app-02.jpg\" alt=\"Krohne_Composing_OPTIMASS_opticheck-app-02\" \/><div class=\"swiper-lazy-preloader\"><\/div><\/figure><\/div><div class=\"swiper-slide\" role=\"group\" aria-roledescription=\"slide\" aria-label=\"23 von 51\"><figure class=\"swiper-slide-inner\"><img class=\"swiper-slide-image swiper-lazy\" data-src=\"https:\/\/digitaldatachain.com\/wp-content\/uploads\/2025\/03\/KSB_Header_1920x440_QR26.jpg\" alt=\"KSB_Header_1920x440_QR[26]\" \/><div class=\"swiper-lazy-preloader\"><\/div><\/figure><\/div><div class=\"swiper-slide\" role=\"group\" aria-roledescription=\"slide\" aria-label=\"24 von 51\"><figure class=\"swiper-slide-inner\"><img class=\"swiper-slide-image swiper-lazy\" data-src=\"https:\/\/digitaldatachain.com\/wp-content\/uploads\/2025\/03\/LANXESS-Tower_Koln_03_1920x440_final.jpg\" alt=\"LANXESS-Tower_Ko\u0308ln_03_1920x440_final\" \/><div class=\"swiper-lazy-preloader\"><\/div><\/figure><\/div><div class=\"swiper-slide\" role=\"group\" aria-roledescription=\"slide\" aria-label=\"25 von 51\"><figure class=\"swiper-slide-inner\"><img class=\"swiper-slide-image swiper-lazy\" data-src=\"https:\/\/digitaldatachain.com\/wp-content\/uploads\/2025\/03\/LESER_is_digital_Header.jpg\" alt=\"LESER_is_digital_Header\" \/><div class=\"swiper-lazy-preloader\"><\/div><\/figure><\/div><div class=\"swiper-slide\" role=\"group\" aria-roledescription=\"slide\" aria-label=\"26 von 51\"><figure class=\"swiper-slide-inner\"><img class=\"swiper-slide-image swiper-lazy\" data-src=\"https:\/\/digitaldatachain.com\/wp-content\/uploads\/2025\/03\/Lisega-Header-image-lisega02.jpg\" alt=\"Lisega - Header-image-lisega02\" \/><div class=\"swiper-lazy-preloader\"><\/div><\/figure><\/div><div class=\"swiper-slide\" role=\"group\" aria-roledescription=\"slide\" aria-label=\"27 von 51\"><figure class=\"swiper-slide-inner\"><img class=\"swiper-slide-image swiper-lazy\" data-src=\"https:\/\/digitaldatachain.com\/wp-content\/uploads\/2025\/03\/Mettler_Toledo_1920x440_IND_2.jpg\" alt=\"Mettler_Toledo_1920x440_IND_2\" \/><div class=\"swiper-lazy-preloader\"><\/div><\/figure><\/div><div class=\"swiper-slide\" role=\"group\" aria-roledescription=\"slide\" aria-label=\"28 von 51\"><figure class=\"swiper-slide-inner\"><img class=\"swiper-slide-image swiper-lazy\" data-src=\"https:\/\/digitaldatachain.com\/wp-content\/uploads\/2025\/03\/Netzsch_Banner_Produktgruppe_1920x440-webdaten.jpg\" alt=\"Netzsch_Banner_Produktgruppe_1920x440-webdaten\" \/><div class=\"swiper-lazy-preloader\"><\/div><\/figure><\/div><div class=\"swiper-slide\" role=\"group\" aria-roledescription=\"slide\" aria-label=\"29 von 51\"><figure class=\"swiper-slide-inner\"><img class=\"swiper-slide-image swiper-lazy\" data-src=\"https:\/\/digitaldatachain.com\/wp-content\/uploads\/2025\/03\/Pepperl-Fuchs_Konsortium-Website2.jpg\" alt=\"Pepperl-Fuchs_Konsortium-Website2\" \/><div class=\"swiper-lazy-preloader\"><\/div><\/figure><\/div><div class=\"swiper-slide\" role=\"group\" aria-roledescription=\"slide\" aria-label=\"30 von 51\"><figure class=\"swiper-slide-inner\"><img class=\"swiper-slide-image swiper-lazy\" data-src=\"https:\/\/digitaldatachain.com\/wp-content\/uploads\/2025\/03\/PhoenixContact_Bild_Produktionsstrase.jpg\" alt=\"PhoenixContact_Bild_Produktionsstra\u00dfe\" \/><div class=\"swiper-lazy-preloader\"><\/div><\/figure><\/div><div class=\"swiper-slide\" role=\"group\" aria-roledescription=\"slide\" aria-label=\"31 von 51\"><figure class=\"swiper-slide-inner\"><img class=\"swiper-slide-image swiper-lazy\" data-src=\"https:\/\/digitaldatachain.com\/wp-content\/uploads\/2025\/03\/Headerbild_plusmeta.png\" alt=\"Headerbild_plusmeta\" \/><div class=\"swiper-lazy-preloader\"><\/div><\/figure><\/div><div class=\"swiper-slide\" role=\"group\" aria-roledescription=\"slide\" aria-label=\"32 von 51\"><figure class=\"swiper-slide-inner\"><img class=\"swiper-slide-image swiper-lazy\" data-src=\"https:\/\/digitaldatachain.com\/wp-content\/uploads\/2025\/03\/RStahl_Header.jpg\" alt=\"RStahl_Header\" \/><div class=\"swiper-lazy-preloader\"><\/div><\/figure><\/div><div class=\"swiper-slide\" role=\"group\" aria-roledescription=\"slide\" aria-label=\"33 von 51\"><figure class=\"swiper-slide-inner\"><img class=\"swiper-slide-image swiper-lazy\" data-src=\"https:\/\/digitaldatachain.com\/wp-content\/uploads\/2025\/03\/REMBE_Banner_1920x440_2.jpg\" alt=\"REMBE_Banner_1920x440_2\" \/><div class=\"swiper-lazy-preloader\"><\/div><\/figure><\/div><div class=\"swiper-slide\" role=\"group\" aria-roledescription=\"slide\" aria-label=\"34 von 51\"><figure class=\"swiper-slide-inner\"><img class=\"swiper-slide-image swiper-lazy\" data-src=\"https:\/\/digitaldatachain.com\/wp-content\/uploads\/2025\/03\/SAP_picture_v0.jpg\" alt=\"SAP_picture_v0\" \/><div class=\"swiper-lazy-preloader\"><\/div><\/figure><\/div><div class=\"swiper-slide\" role=\"group\" aria-roledescription=\"slide\" aria-label=\"35 von 51\"><figure class=\"swiper-slide-inner\"><img class=\"swiper-slide-image swiper-lazy\" data-src=\"https:\/\/digitaldatachain.com\/wp-content\/uploads\/2025\/03\/sanofi-industriepark-hoechst-luftaufnahme-2_angepasst.jpg\" alt=\"sanofi-industriepark-hoechst-luftaufnahme-2_angepasst\" \/><div class=\"swiper-lazy-preloader\"><\/div><\/figure><\/div><div class=\"swiper-slide\" role=\"group\" aria-roledescription=\"slide\" aria-label=\"36 von 51\"><figure class=\"swiper-slide-inner\"><img class=\"swiper-slide-image swiper-lazy\" data-src=\"https:\/\/digitaldatachain.com\/wp-content\/uploads\/2025\/03\/elektr_Typ_1920_440.png\" alt=\"elektr_Typ_1920_440\" \/><div class=\"swiper-lazy-preloader\"><\/div><\/figure><\/div><div class=\"swiper-slide\" role=\"group\" aria-roledescription=\"slide\" aria-label=\"37 von 51\"><figure class=\"swiper-slide-inner\"><img class=\"swiper-slide-image swiper-lazy\" data-src=\"https:\/\/digitaldatachain.com\/wp-content\/uploads\/2025\/03\/schneider.jpg\" alt=\"Steamcracker im BASF-Werk Ludwigshafen\" \/><div class=\"swiper-lazy-preloader\"><\/div><\/figure><\/div><div class=\"swiper-slide\" role=\"group\" aria-roledescription=\"slide\" aria-label=\"38 von 51\"><figure class=\"swiper-slide-inner\"><img class=\"swiper-slide-image swiper-lazy\" data-src=\"https:\/\/digitaldatachain.com\/wp-content\/uploads\/2025\/03\/Sharecat-Banner_1920-x-440.jpg\" alt=\"Sharecat Banner_1920 x 440\" \/><div class=\"swiper-lazy-preloader\"><\/div><\/figure><\/div><div class=\"swiper-slide\" role=\"group\" aria-roledescription=\"slide\" aria-label=\"39 von 51\"><figure class=\"swiper-slide-inner\"><img class=\"swiper-slide-image swiper-lazy\" data-src=\"https:\/\/digitaldatachain.com\/wp-content\/uploads\/2025\/03\/Sick_Header.jpg\" alt=\"Sick_Header\" \/><div class=\"swiper-lazy-preloader\"><\/div><\/figure><\/div><div class=\"swiper-slide\" role=\"group\" aria-roledescription=\"slide\" aria-label=\"40 von 51\"><figure class=\"swiper-slide-inner\"><img class=\"swiper-slide-image swiper-lazy\" data-src=\"https:\/\/digitaldatachain.com\/wp-content\/uploads\/2025\/03\/Siemens_Header_final.jpg\" alt=\"Siemens_Header_final\" \/><div class=\"swiper-lazy-preloader\"><\/div><\/figure><\/div><div class=\"swiper-slide\" role=\"group\" aria-roledescription=\"slide\" aria-label=\"41 von 51\"><figure class=\"swiper-slide-inner\"><img class=\"swiper-slide-image swiper-lazy\" data-src=\"https:\/\/digitaldatachain.com\/wp-content\/uploads\/2025\/03\/smart-TEC-Header-1920x440-1.jpg\" alt=\"smart-TEC-Header-1920x440\" \/><div class=\"swiper-lazy-preloader\"><\/div><\/figure><\/div><div class=\"swiper-slide\" role=\"group\" aria-roledescription=\"slide\" aria-label=\"42 von 51\"><figure class=\"swiper-slide-inner\"><img class=\"swiper-slide-image swiper-lazy\" data-src=\"https:\/\/digitaldatachain.com\/wp-content\/uploads\/2025\/03\/STRIKO_Header.jpg\" alt=\"STRIKO_Header\" \/><div class=\"swiper-lazy-preloader\"><\/div><\/figure><\/div><div class=\"swiper-slide\" role=\"group\" aria-roledescription=\"slide\" aria-label=\"43 von 51\"><figure class=\"swiper-slide-inner\"><img class=\"swiper-slide-image swiper-lazy\" data-src=\"https:\/\/digitaldatachain.com\/wp-content\/uploads\/2025\/03\/Tectrion-DDCC-Pumpen-Reparatur-1920x440px.jpg\" alt=\"Tectrion-DDCC-Pumpen-Reparatur-1920x440px\" \/><div class=\"swiper-lazy-preloader\"><\/div><\/figure><\/div><div class=\"swiper-slide\" role=\"group\" aria-roledescription=\"slide\" aria-label=\"44 von 51\"><figure class=\"swiper-slide-inner\"><img class=\"swiper-slide-image swiper-lazy\" data-src=\"https:\/\/digitaldatachain.com\/wp-content\/uploads\/2025\/03\/TUEV_Header.jpg\" alt=\"TUEV_Header\" \/><div class=\"swiper-lazy-preloader\"><\/div><\/figure><\/div><div class=\"swiper-slide\" role=\"group\" aria-roledescription=\"slide\" aria-label=\"45 von 51\"><figure class=\"swiper-slide-inner\"><img class=\"swiper-slide-image swiper-lazy\" data-src=\"https:\/\/digitaldatachain.com\/wp-content\/uploads\/2025\/03\/VEGA_Tablet-1920x440px.jpg\" alt=\"VEGA_Tablet-1920x440px\" \/><div class=\"swiper-lazy-preloader\"><\/div><\/figure><\/div><div class=\"swiper-slide\" role=\"group\" aria-roledescription=\"slide\" aria-label=\"46 von 51\"><figure class=\"swiper-slide-inner\"><img class=\"swiper-slide-image swiper-lazy\" data-src=\"https:\/\/digitaldatachain.com\/wp-content\/uploads\/2025\/03\/VEM_Header.jpg\" alt=\"VEM_Header\" \/><div class=\"swiper-lazy-preloader\"><\/div><\/figure><\/div><div class=\"swiper-slide\" role=\"group\" aria-roledescription=\"slide\" aria-label=\"47 von 51\"><figure class=\"swiper-slide-inner\"><img class=\"swiper-slide-image swiper-lazy\" data-src=\"https:\/\/digitaldatachain.com\/wp-content\/uploads\/2025\/03\/WACKER_1.jpg\" alt=\"WACKER_1\" \/><div class=\"swiper-lazy-preloader\"><\/div><\/figure><\/div><div class=\"swiper-slide\" role=\"group\" aria-roledescription=\"slide\" aria-label=\"48 von 51\"><figure class=\"swiper-slide-inner\"><img class=\"swiper-slide-image swiper-lazy\" data-src=\"https:\/\/digitaldatachain.com\/wp-content\/uploads\/2025\/03\/wika_banner_1920-x-440px_2024.jpg\" alt=\"wika_banner_1920 x 440px_2024\" \/><div class=\"swiper-lazy-preloader\"><\/div><\/figure><\/div><div class=\"swiper-slide\" role=\"group\" aria-roledescription=\"slide\" aria-label=\"49 von 51\"><figure class=\"swiper-slide-inner\"><img class=\"swiper-slide-image swiper-lazy\" data-src=\"https:\/\/digitaldatachain.com\/wp-content\/uploads\/2025\/03\/Header_WITTE.png\" alt=\"Header_WITTE\" \/><div class=\"swiper-lazy-preloader\"><\/div><\/figure><\/div><div class=\"swiper-slide\" role=\"group\" aria-roledescription=\"slide\" aria-label=\"50 von 51\"><figure class=\"swiper-slide-inner\"><img class=\"swiper-slide-image swiper-lazy\" data-src=\"https:\/\/digitaldatachain.com\/wp-content\/uploads\/2025\/03\/Yokogawa-Header-DDCC-website.jpg\" alt=\"Yokogawa-Header-DDCC-website\" \/><div class=\"swiper-lazy-preloader\"><\/div><\/figure><\/div><div class=\"swiper-slide\" role=\"group\" aria-roledescription=\"slide\" aria-label=\"51 von 51\"><figure class=\"swiper-slide-inner\"><img class=\"swiper-slide-image swiper-lazy\" data-src=\"https:\/\/digitaldatachain.com\/wp-content\/uploads\/2025\/03\/Zeppelin_2021-11-04_Headervisual_DDCC_1920x440px.jpg\" alt=\"Zeppelin_2021-11-04_Headervisual_DDCC_1920x440px\" \/><div class=\"swiper-lazy-preloader\"><\/div><\/figure><\/div>\t\t\t<\/div>\n\t\t\t\t\t\t\t\n\t\t\t\t\t\t\t\t\t<\/div>\n\t\t\t\t\t\t<\/div>\n\t\t\t\t<\/div>\n\t\t\t\t<\/div>\n\t\t<div class=\"elementor-element elementor-element-42857b0d e-flex e-con-boxed e-con e-parent\" data-id=\"42857b0d\" data-element_type=\"container\" data-e-type=\"container\">\n\t\t\t\t\t<div class=\"e-con-inner\">\n\t\t\t\t<div class=\"elementor-element elementor-element-70cd89fc elementor-widget elementor-widget-html\" data-id=\"70cd89fc\" data-element_type=\"widget\" data-e-type=\"widget\" data-widget_type=\"html.default\">\n\t\t\t\t<div class=\"elementor-widget-container\">\n\t\t\t\t\t<script> \r\n\/* Code from https:\/\/element.how\/elementor-slider-random\/ *\/\r\n(function () {\r\n    let randomSliders = document.querySelectorAll('.randomSlider .swiper-wrapper, .randomSlider .swiper');\r\n    randomSliders.forEach(slider => {\r\n        let images = slider.children;\r\n        let frag = document.createDocumentFragment();\r\n        while (images.length) {\r\n            frag.appendChild(images[Math.floor(Math.random() * images.length)]);\r\n        }\r\n        slider.appendChild(frag);\r\n    });\r\n}());\r\n<\/script>\t\t\t\t<\/div>\n\t\t\t\t<\/div>\n\t\t\t\t\t<\/div>\n\t\t\t\t<\/div>\n\t\t<div class=\"elementor-element elementor-element-499a2016 e-flex e-con-boxed e-con e-parent\" data-id=\"499a2016\" data-element_type=\"container\" data-e-type=\"container\">\n\t\t\t\t\t<div class=\"e-con-inner\">\n\t\t\t\t<div class=\"elementor-element elementor-element-43100be2 elementor-widget elementor-widget-heading\" data-id=\"43100be2\" data-element_type=\"widget\" data-e-type=\"widget\" data-widget_type=\"heading.default\">\n\t\t\t\t<div class=\"elementor-widget-container\">\n\t\t\t\t\t<div class=\"elementor-heading-title elementor-size-default\"><a href=\"https:\/\/digitaldatachain.com\/de\/\">Willkommen<\/a><\/div>\t\t\t\t<\/div>\n\t\t\t\t<\/div>\n\t\t\t\t<div class=\"elementor-element elementor-element-eb7a30f elementor-widget elementor-widget-heading\" data-id=\"eb7a30f\" data-element_type=\"widget\" data-e-type=\"widget\" data-widget_type=\"heading.default\">\n\t\t\t\t<div class=\"elementor-widget-container\">\n\t\t\t\t\t<div class=\"elementor-heading-title elementor-size-default\">\/<\/div>\t\t\t\t<\/div>\n\t\t\t\t<\/div>\n\t\t\t\t\t<\/div>\n\t\t\t\t<\/div>\n\t\t<div class=\"elementor-element elementor-element-3cc94d0 e-flex e-con-boxed e-con e-parent\" data-id=\"3cc94d0\" data-element_type=\"container\" data-e-type=\"container\">\n\t\t\t\t\t<div class=\"e-con-inner\">\n\t\t\t\t<div class=\"elementor-element elementor-element-9106731 elementor-widget elementor-widget-text-editor\" data-id=\"9106731\" data-element_type=\"widget\" data-e-type=\"widget\" data-widget_type=\"text-editor.default\">\n\t\t\t\t<div class=\"elementor-widget-container\">\n\t\t\t\t\t\t\t\t\t<p>Der VDI 2770 Container Validator f\u00fcr Dokumentationscontainer und Dokumentcontainer wird unter der MIT Software Licence zur Verf\u00fcgung gestellt. <\/p><p>Hiermit wird jeder Person, die eine Kopie dieser Software und der zugeh\u00f6rigen Dokumentationsdateien (die &#8222;Software&#8220;) erh\u00e4lt, die Erlaubnis erteilt, mit der Software<br>der Software ohne Einschr\u00e4nkung zu handeln, einschlie\u00dflich des Rechts, die Software zu verwenden, zu kopieren, zu modifizieren, zusammenzuf\u00fchren, zu ver\u00f6ffentlichen, zu vertreiben, zu unterlizenzieren und\/oder zu verkaufen<br>Kopien der Software zu nutzen, zu modifizieren, zusammenzuf\u00fchren, zu ver\u00f6ffentlichen, zu vertreiben, zu unterlizenzieren und\/oder zu verkaufen, und Personen, denen die Software zur Verf\u00fcgung gestellt wird, dies zu gestatten, vorbehaltlich der folgenden Bedingungen:<\/p><p>Der obige Copyright-Hinweis und dieser Genehmigungshinweis m\u00fcssen in allen Kopien oder wesentlichen Teilen der Software enthalten sein.<\/p><p>DIE SOFTWARE WIRD OHNE M\u00c4NGELGEW\u00c4HR UND OHNE JEGLICHE AUSDR\u00dcCKLICHE ODER STILLSCHWEIGENDE GARANTIE ZUR VERF\u00dcGUNG GESTELLT, EINSCHLIESSLICH, ABER NICHT BESCHR\u00c4NKT AUF DIE GARANTIE DER MARKTG\u00c4NGIGKEIT, EIGNUNG F\u00dcR EINEN BESTIMMTEN ZWECK UND NICHTVERLETZUNG VON RECHTEN DRITTER. IN KEINEM FALL SIND DIE AUTOREN ODER URHEBERRECHTSINHABER HAFTBAR F\u00dcR JEGLICHE ANSPR\u00dcCHE, SCH\u00c4DEN ODER ANDERE SCH\u00c4DEN ODER SONSTIGE HAFTUNG, OB AUS VERTRAG, UNERLAUBTER HANDLUNG ODER ANDERWEITIG, DIE SICH AUS DER SOFTWARE ODER DER NUTZUNG ODER DEM SONSTIGEN UMGANG MIT DER DER SOFTWARE ERGEBEN. <\/p>\t\t\t\t\t\t\t\t<\/div>\n\t\t\t\t<\/div>\n\t\t\t\t\t<\/div>\n\t\t\t\t<\/div>\n\t\t\t\t<\/div>\n\t\t","protected":false},"excerpt":{"rendered":"<p>ABB AG, 68309 Mannheim, Germany Allweiler GmbH (Circor Allweiler), 78315 Radolfzell, Germany ARI-Armaturen Albert Richter GmbH &amp; Co. KG, 33758 Schlo\u00df Holte-Stukenbrock, Germany Armaturenfabrik Franz Schneider GmbH + Co. KG, 74226 Nordheim, Germany BASF SE, 67056 Ludwigshafen, Germany Bayer AG, 51368 Leverkusen, Germany Bosch Rexroth AG, 97816 Lohr a. Main, Germany PROTEGO\u00ae &#8211; Braunschweiger Flammenfilter [&hellip;]<\/p>\n","protected":false},"author":1,"featured_media":0,"parent":0,"menu_order":0,"comment_status":"closed","ping_status":"closed","template":"","meta":{"footnotes":""},"class_list":["post-2448","page","type-page","status-publish","hentry"],"_links":{"self":[{"href":"https:\/\/digitaldatachain.com\/de\/wp-json\/wp\/v2\/pages\/2448","targetHints":{"allow":["GET"]}}],"collection":[{"href":"https:\/\/digitaldatachain.com\/de\/wp-json\/wp\/v2\/pages"}],"about":[{"href":"https:\/\/digitaldatachain.com\/de\/wp-json\/wp\/v2\/types\/page"}],"author":[{"embeddable":true,"href":"https:\/\/digitaldatachain.com\/de\/wp-json\/wp\/v2\/users\/1"}],"replies":[{"embeddable":true,"href":"https:\/\/digitaldatachain.com\/de\/wp-json\/wp\/v2\/comments?post=2448"}],"version-history":[{"count":1,"href":"https:\/\/digitaldatachain.com\/de\/wp-json\/wp\/v2\/pages\/2448\/revisions"}],"predecessor-version":[{"id":2449,"href":"https:\/\/digitaldatachain.com\/de\/wp-json\/wp\/v2\/pages\/2448\/revisions\/2449"}],"wp:attachment":[{"href":"https:\/\/digitaldatachain.com\/de\/wp-json\/wp\/v2\/media?parent=2448"}],"curies":[{"name":"wp","href":"https:\/\/api.w.org\/{rel}","templated":true}]}}